{"id":7658,"date":"2025-02-19T15:14:44","date_gmt":"2025-02-19T15:14:44","guid":{"rendered":"https:\/\/q-cam.com\/currency-management\/"},"modified":"2025-03-21T09:46:58","modified_gmt":"2025-03-21T09:46:58","slug":"currency-management","status":"publish","type":"page","link":"https:\/\/q-cam.com\/de\/currency-management\/","title":{"rendered":"Currency Management"},"content":{"rendered":"<div class=\"fusion-fullwidth fullwidth-box fusion-builder-row-1 fusion-flex-container nonhundred-percent-fullwidth non-hundred-percent-height-scrolling\" style=\"--awb-border-radius-top-left:0px;--awb-border-radius-top-right:0px;--awb-border-radius-bottom-right:0px;--awb-border-radius-bottom-left:0px;\" ><div class=\"fusion-builder-row fusion-row fusion-flex-align-items-flex-start\" style=\"max-width:1248px;margin-left: calc(-4% \/ 2 );margin-right: calc(-4% \/ 2 );\"><div class=\"fusion-layout-column fusion_builder_column fusion-builder-column-0 fusion_builder_column_1_1 1_1 fusion-flex-column\" style=\"--awb-bg-size:cover;--awb-width-large:100%;--awb-margin-top-large:0px;--awb-spacing-right-large:1.92%;--awb-margin-bottom-large:0px;--awb-spacing-left-large:1.92%;--awb-width-medium:100%;--awb-spacing-right-medium:1.92%;--awb-spacing-left-medium:1.92%;--awb-width-small:100%;--awb-spacing-right-small:1.92%;--awb-spacing-left-small:1.92%;\"><div class=\"fusion-column-wrapper fusion-flex-justify-content-flex-start fusion-content-layout-column\"><div class=\"fusion-text fusion-text-1\"><h1 style=\"text-align: center;\">Currency Management<\/h1>\n<\/div><div class=\"fusion-separator fusion-full-width-sep\" style=\"align-self: center;margin-left: auto;margin-right: auto;margin-bottom:20px;width:100%;\"><div class=\"fusion-separator-border sep-single sep-solid\" style=\"--awb-height:20px;--awb-amount:20px;border-color:#e0dede;border-top-width:1px;\"><\/div><\/div><\/div><\/div><div class=\"fusion-layout-column fusion_builder_column fusion-builder-column-1 fusion_builder_column_1_3 1_3 fusion-flex-column\" style=\"--awb-bg-size:cover;--awb-width-large:33.333333333333%;--awb-margin-top-large:0px;--awb-spacing-right-large:5.76%;--awb-margin-bottom-large:20px;--awb-spacing-left-large:5.76%;--awb-width-medium:33.333333333333%;--awb-order-medium:0;--awb-spacing-right-medium:5.76%;--awb-spacing-left-medium:5.76%;--awb-width-small:100%;--awb-order-small:0;--awb-spacing-right-small:1.92%;--awb-spacing-left-small:1.92%;\"><div class=\"fusion-column-wrapper fusion-column-has-shadow fusion-flex-justify-content-flex-start fusion-content-layout-column\"><div class=\"fusion-image-element \" style=\"--awb-margin-top:15px;--awb-max-width:200px;--awb-caption-title-size:var(--h2_typography-font-size);--awb-caption-title-transform:var(--h2_typography-text-transform);--awb-caption-title-line-height:var(--h2_typography-line-height);--awb-caption-title-letter-spacing:var(--h2_typography-letter-spacing);\"><span class=\" fusion-imageframe imageframe-none imageframe-1 hover-type-none\"><img decoding=\"async\" width=\"1622\" height=\"1622\" title=\"Currency Overlay_round\" src=\"https:\/\/q-cam.com\/wp-content\/uploads\/2025\/03\/Currency-Overlay_round.jpg\" alt class=\"img-responsive wp-image-7866\" srcset=\"https:\/\/q-cam.com\/wp-content\/uploads\/2025\/03\/Currency-Overlay_round-200x200.jpg 200w, https:\/\/q-cam.com\/wp-content\/uploads\/2025\/03\/Currency-Overlay_round-400x400.jpg 400w, https:\/\/q-cam.com\/wp-content\/uploads\/2025\/03\/Currency-Overlay_round-600x600.jpg 600w, https:\/\/q-cam.com\/wp-content\/uploads\/2025\/03\/Currency-Overlay_round-800x800.jpg 800w, https:\/\/q-cam.com\/wp-content\/uploads\/2025\/03\/Currency-Overlay_round-1200x1200.jpg 1200w, https:\/\/q-cam.com\/wp-content\/uploads\/2025\/03\/Currency-Overlay_round.jpg 1622w\" sizes=\"(max-width: 640px) 100vw, 400px\" \/><\/span><\/div><\/div><\/div><div class=\"fusion-layout-column fusion_builder_column fusion-builder-column-2 fusion_builder_column_2_3 2_3 fusion-flex-column\" style=\"--awb-bg-size:cover;--awb-width-large:66.666666666667%;--awb-margin-top-large:0px;--awb-spacing-right-large:2.88%;--awb-margin-bottom-large:20px;--awb-spacing-left-large:2.88%;--awb-width-medium:66.666666666667%;--awb-order-medium:0;--awb-spacing-right-medium:2.88%;--awb-spacing-left-medium:2.88%;--awb-width-small:100%;--awb-order-small:0;--awb-spacing-right-small:1.92%;--awb-spacing-left-small:1.92%;\"><div class=\"fusion-column-wrapper fusion-column-has-shadow fusion-flex-justify-content-flex-start fusion-content-layout-column\"><div class=\"fusion-text fusion-text-2\"><h2 class=\"fusion-responsive-typography-calculated\" data-fontsize=\"35\" data-lineheight=\"37.1px\"><a href=\"https:\/\/q-cam.com\/de\/service\/currency-overlay\/\">Currency Overlay<\/a><\/h2>\n<\/div><div class=\"fusion-text fusion-text-3\"><p>Die Overlay-Dienstleistungen von QCAM sind massgeschneiderte L\u00f6sungen, die auf die individuellen Bed\u00fcrfnisse eines institutionellen Kundenkreises zugeschnitten sind. Das Angebot umfasst sowohl passive als auch aktive W\u00e4hrungs-Overlay-L\u00f6sungen.<\/p>\n<\/div><\/div><\/div><div class=\"fusion-layout-column fusion_builder_column fusion-builder-column-3 fusion_builder_column_1_1 1_1 fusion-flex-column\" style=\"--awb-bg-size:cover;--awb-width-large:100%;--awb-margin-top-large:0px;--awb-spacing-right-large:1.92%;--awb-margin-bottom-large:20px;--awb-spacing-left-large:1.92%;--awb-width-medium:100%;--awb-order-medium:0;--awb-spacing-right-medium:1.92%;--awb-spacing-left-medium:1.92%;--awb-width-small:100%;--awb-order-small:0;--awb-spacing-right-small:1.92%;--awb-spacing-left-small:1.92%;\"><div class=\"fusion-column-wrapper fusion-column-has-shadow fusion-flex-justify-content-flex-start fusion-content-layout-column\"><div class=\"fusion-image-element \" style=\"--awb-caption-title-size:var(--h2_typography-font-size);--awb-caption-title-transform:var(--h2_typography-text-transform);--awb-caption-title-line-height:var(--h2_typography-line-height);--awb-caption-title-letter-spacing:var(--h2_typography-letter-spacing);\"><span class=\" fusion-imageframe imageframe-none imageframe-2 hover-type-none\"><img decoding=\"async\" width=\"860\" height=\"46\" title=\"horizontal-seperator\" src=\"https:\/\/q-cam.com\/wp-content\/uploads\/2016\/05\/horizontal-seperator.png\" alt class=\"img-responsive wp-image-5963\" srcset=\"https:\/\/q-cam.com\/wp-content\/uploads\/2016\/05\/horizontal-seperator-200x11.png 200w, https:\/\/q-cam.com\/wp-content\/uploads\/2016\/05\/horizontal-seperator-400x21.png 400w, https:\/\/q-cam.com\/wp-content\/uploads\/2016\/05\/horizontal-seperator-600x32.png 600w, https:\/\/q-cam.com\/wp-content\/uploads\/2016\/05\/horizontal-seperator-800x43.png 800w, https:\/\/q-cam.com\/wp-content\/uploads\/2016\/05\/horizontal-seperator.png 860w\" sizes=\"(max-width: 640px) 100vw, 860px\" \/><\/span><\/div><\/div><\/div><div class=\"fusion-layout-column fusion_builder_column fusion-builder-column-4 fusion_builder_column_2_3 2_3 fusion-flex-column\" style=\"--awb-bg-size:cover;--awb-width-large:66.666666666667%;--awb-margin-top-large:0px;--awb-spacing-right-large:2.88%;--awb-margin-bottom-large:20px;--awb-spacing-left-large:2.88%;--awb-width-medium:66.666666666667%;--awb-order-medium:0;--awb-spacing-right-medium:2.88%;--awb-spacing-left-medium:2.88%;--awb-width-small:100%;--awb-order-small:0;--awb-spacing-right-small:1.92%;--awb-spacing-left-small:1.92%;\"><div class=\"fusion-column-wrapper fusion-column-has-shadow fusion-flex-justify-content-flex-start fusion-content-layout-column\"><div class=\"fusion-text fusion-text-4\"><h2 class=\"fusion-responsive-typography-calculated\" data-fontsize=\"35\" data-lineheight=\"37.1px\"><a href=\"https:\/\/q-cam.com\/de\/service\/fx-best-execution\/\">FX Best Execution<\/a><\/h2>\n<\/div><div class=\"fusion-text fusion-text-5\"><p>Ausf\u00fchrung von Devisentransaktionen zum besten verf\u00fcgbaren Marktpreis, um sicherzustellen, dass unseren Kunden keine unn\u00f6tigen versteckten Transaktionskosten in Rechnung gestellt werden.<\/p>\n<\/div><\/div><\/div><div class=\"fusion-layout-column fusion_builder_column fusion-builder-column-5 fusion_builder_column_1_3 1_3 fusion-flex-column\" style=\"--awb-padding-right:40px;--awb-bg-size:cover;--awb-width-large:33.333333333333%;--awb-margin-top-large:0px;--awb-spacing-right-large:5.76%;--awb-margin-bottom-large:20px;--awb-spacing-left-large:5.76%;--awb-width-medium:33.333333333333%;--awb-order-medium:0;--awb-spacing-right-medium:5.76%;--awb-spacing-left-medium:5.76%;--awb-width-small:100%;--awb-order-small:0;--awb-spacing-right-small:1.92%;--awb-spacing-left-small:1.92%;\"><div class=\"fusion-column-wrapper fusion-column-has-shadow fusion-flex-justify-content-flex-start fusion-content-layout-column\"><div class=\"fusion-image-element \" style=\"--awb-margin-top:50px;--awb-max-width:200px;--awb-caption-title-size:var(--h2_typography-font-size);--awb-caption-title-transform:var(--h2_typography-text-transform);--awb-caption-title-line-height:var(--h2_typography-line-height);--awb-caption-title-letter-spacing:var(--h2_typography-letter-spacing);\"><span class=\" fusion-imageframe imageframe-none imageframe-3 hover-type-none\"><img decoding=\"async\" width=\"1622\" height=\"1622\" title=\"Best Execution_round\" src=\"https:\/\/q-cam.com\/wp-content\/uploads\/2025\/03\/Best-Execution_round.jpg\" alt class=\"img-responsive wp-image-7864\" srcset=\"https:\/\/q-cam.com\/wp-content\/uploads\/2025\/03\/Best-Execution_round-200x200.jpg 200w, https:\/\/q-cam.com\/wp-content\/uploads\/2025\/03\/Best-Execution_round-400x400.jpg 400w, https:\/\/q-cam.com\/wp-content\/uploads\/2025\/03\/Best-Execution_round-600x600.jpg 600w, https:\/\/q-cam.com\/wp-content\/uploads\/2025\/03\/Best-Execution_round-800x800.jpg 800w, https:\/\/q-cam.com\/wp-content\/uploads\/2025\/03\/Best-Execution_round-1200x1200.jpg 1200w, https:\/\/q-cam.com\/wp-content\/uploads\/2025\/03\/Best-Execution_round.jpg 1622w\" sizes=\"(max-width: 640px) 100vw, 400px\" \/><\/span><\/div><\/div><\/div><\/div><\/div>\n","protected":false},"excerpt":{"rendered":"","protected":false},"author":4,"featured_media":0,"parent":0,"menu_order":0,"comment_status":"closed","ping_status":"closed","template":"","meta":{"_acf_changed":false,"footnotes":""},"class_list":["post-7658","page","type-page","status-publish","hentry"],"acf":[],"yoast_head":"<!-- This site is optimized with the Yoast SEO plugin v27.5 - https:\/\/yoast.com\/product\/yoast-seo-wordpress\/ -->\n<title>Currency Management - QCAM<\/title>\n<meta name=\"description\" content=\"Wir bieten unseren Kunden Dienstleistungen und Produkte in allen Bereichen des W\u00e4hrungsmanagements an.\" \/>\n<meta name=\"robots\" content=\"index, follow, max-snippet:-1, max-image-preview:large, max-video-preview:-1\" \/>\n<link rel=\"canonical\" href=\"https:\/\/q-cam.com\/de\/currency-management\/\" \/>\n<meta property=\"og:locale\" content=\"de_DE\" \/>\n<meta property=\"og:type\" content=\"article\" \/>\n<meta property=\"og:title\" content=\"Currency Management - QCAM\" \/>\n<meta property=\"og:description\" content=\"Wir bieten unseren Kunden Dienstleistungen und Produkte in allen Bereichen des W\u00e4hrungsmanagements an.\" \/>\n<meta property=\"og:url\" content=\"https:\/\/q-cam.com\/de\/currency-management\/\" \/>\n<meta property=\"og:site_name\" content=\"QCAM\" \/>\n<meta property=\"article:publisher\" content=\"https:\/\/www.facebook.com\/QCAMCurrencyAssetManagement\" \/>\n<meta property=\"article:modified_time\" content=\"2025-03-21T09:46:58+00:00\" \/>\n<meta name=\"twitter:card\" content=\"summary_large_image\" \/>\n<meta name=\"twitter:site\" content=\"@QCAM_AG\" \/>\n<meta name=\"twitter:label1\" content=\"Gesch\u00e4tzte Lesezeit\" \/>\n\t<meta name=\"twitter:data1\" content=\"5 minutes\" \/>\n<script type=\"application\/ld+json\" class=\"yoast-schema-graph\">{\"@context\":\"https:\\\/\\\/schema.org\",\"@graph\":[{\"@type\":\"WebPage\",\"@id\":\"https:\\\/\\\/q-cam.com\\\/de\\\/currency-management\\\/\",\"url\":\"https:\\\/\\\/q-cam.com\\\/de\\\/currency-management\\\/\",\"name\":\"Currency Management - QCAM\",\"isPartOf\":{\"@id\":\"https:\\\/\\\/staging-2025-qcam.mystagingwebsite.com\\\/#website\"},\"datePublished\":\"2025-02-19T15:14:44+00:00\",\"dateModified\":\"2025-03-21T09:46:58+00:00\",\"description\":\"Wir bieten unseren Kunden Dienstleistungen und Produkte in allen Bereichen des W\u00e4hrungsmanagements an.\",\"breadcrumb\":{\"@id\":\"https:\\\/\\\/q-cam.com\\\/de\\\/currency-management\\\/#breadcrumb\"},\"inLanguage\":\"de-DE\",\"potentialAction\":[{\"@type\":\"ReadAction\",\"target\":[\"https:\\\/\\\/q-cam.com\\\/de\\\/currency-management\\\/\"]}]},{\"@type\":\"BreadcrumbList\",\"@id\":\"https:\\\/\\\/q-cam.com\\\/de\\\/currency-management\\\/#breadcrumb\",\"itemListElement\":[{\"@type\":\"ListItem\",\"position\":1,\"name\":\"Home\",\"item\":\"https:\\\/\\\/q-cam.com\\\/de\\\/\"},{\"@type\":\"ListItem\",\"position\":2,\"name\":\"Currency Management\"}]},{\"@type\":\"WebSite\",\"@id\":\"https:\\\/\\\/staging-2025-qcam.mystagingwebsite.com\\\/#website\",\"url\":\"https:\\\/\\\/staging-2025-qcam.mystagingwebsite.com\\\/\",\"name\":\"QCAM\",\"description\":\"Currency Asset Management\",\"publisher\":{\"@id\":\"https:\\\/\\\/staging-2025-qcam.mystagingwebsite.com\\\/#organization\"},\"potentialAction\":[{\"@type\":\"SearchAction\",\"target\":{\"@type\":\"EntryPoint\",\"urlTemplate\":\"https:\\\/\\\/staging-2025-qcam.mystagingwebsite.com\\\/?s={search_term_string}\"},\"query-input\":{\"@type\":\"PropertyValueSpecification\",\"valueRequired\":true,\"valueName\":\"search_term_string\"}}],\"inLanguage\":\"de-DE\"},{\"@type\":\"Organization\",\"@id\":\"https:\\\/\\\/staging-2025-qcam.mystagingwebsite.com\\\/#organization\",\"name\":\"QCAM Currency Asset Management\",\"alternateName\":\"QCAM\",\"url\":\"https:\\\/\\\/staging-2025-qcam.mystagingwebsite.com\\\/\",\"logo\":{\"@type\":\"ImageObject\",\"inLanguage\":\"de-DE\",\"@id\":\"https:\\\/\\\/staging-2025-qcam.mystagingwebsite.com\\\/#\\\/schema\\\/logo\\\/image\\\/\",\"url\":\"https:\\\/\\\/149613553.v2.pressablecdn.com\\\/wp-content\\\/uploads\\\/2017\\\/10\\\/logo_web_fontweiss.jpg\",\"contentUrl\":\"https:\\\/\\\/149613553.v2.pressablecdn.com\\\/wp-content\\\/uploads\\\/2017\\\/10\\\/logo_web_fontweiss.jpg\",\"width\":400,\"height\":400,\"caption\":\"QCAM Currency Asset Management\"},\"image\":{\"@id\":\"https:\\\/\\\/staging-2025-qcam.mystagingwebsite.com\\\/#\\\/schema\\\/logo\\\/image\\\/\"},\"sameAs\":[\"https:\\\/\\\/www.facebook.com\\\/QCAMCurrencyAssetManagement\",\"https:\\\/\\\/x.com\\\/QCAM_AG\",\"https:\\\/\\\/www.linkedin.com\\\/company\\\/10778685?trk=tyah&trkInfo=clickedVerticalcompanyclickedEntityId10778685idx1-2-2tarId1464624843580tasQCAM\"]}]}<\/script>\n<!-- \/ Yoast SEO plugin. -->","yoast_head_json":{"title":"Currency Management - QCAM","description":"Wir bieten unseren Kunden Dienstleistungen und Produkte in allen Bereichen des W\u00e4hrungsmanagements an.","robots":{"index":"index","follow":"follow","max-snippet":"max-snippet:-1","max-image-preview":"max-image-preview:large","max-video-preview":"max-video-preview:-1"},"canonical":"https:\/\/q-cam.com\/de\/currency-management\/","og_locale":"de_DE","og_type":"article","og_title":"Currency Management - QCAM","og_description":"Wir bieten unseren Kunden Dienstleistungen und Produkte in allen Bereichen des W\u00e4hrungsmanagements an.","og_url":"https:\/\/q-cam.com\/de\/currency-management\/","og_site_name":"QCAM","article_publisher":"https:\/\/www.facebook.com\/QCAMCurrencyAssetManagement","article_modified_time":"2025-03-21T09:46:58+00:00","twitter_card":"summary_large_image","twitter_site":"@QCAM_AG","twitter_misc":{"Gesch\u00e4tzte Lesezeit":"5 minutes"},"schema":{"@context":"https:\/\/schema.org","@graph":[{"@type":"WebPage","@id":"https:\/\/q-cam.com\/de\/currency-management\/","url":"https:\/\/q-cam.com\/de\/currency-management\/","name":"Currency Management - QCAM","isPartOf":{"@id":"https:\/\/staging-2025-qcam.mystagingwebsite.com\/#website"},"datePublished":"2025-02-19T15:14:44+00:00","dateModified":"2025-03-21T09:46:58+00:00","description":"Wir bieten unseren Kunden Dienstleistungen und Produkte in allen Bereichen des W\u00e4hrungsmanagements an.","breadcrumb":{"@id":"https:\/\/q-cam.com\/de\/currency-management\/#breadcrumb"},"inLanguage":"de-DE","potentialAction":[{"@type":"ReadAction","target":["https:\/\/q-cam.com\/de\/currency-management\/"]}]},{"@type":"BreadcrumbList","@id":"https:\/\/q-cam.com\/de\/currency-management\/#breadcrumb","itemListElement":[{"@type":"ListItem","position":1,"name":"Home","item":"https:\/\/q-cam.com\/de\/"},{"@type":"ListItem","position":2,"name":"Currency Management"}]},{"@type":"WebSite","@id":"https:\/\/staging-2025-qcam.mystagingwebsite.com\/#website","url":"https:\/\/staging-2025-qcam.mystagingwebsite.com\/","name":"QCAM","description":"Currency Asset Management","publisher":{"@id":"https:\/\/staging-2025-qcam.mystagingwebsite.com\/#organization"},"potentialAction":[{"@type":"SearchAction","target":{"@type":"EntryPoint","urlTemplate":"https:\/\/staging-2025-qcam.mystagingwebsite.com\/?s={search_term_string}"},"query-input":{"@type":"PropertyValueSpecification","valueRequired":true,"valueName":"search_term_string"}}],"inLanguage":"de-DE"},{"@type":"Organization","@id":"https:\/\/staging-2025-qcam.mystagingwebsite.com\/#organization","name":"QCAM Currency Asset Management","alternateName":"QCAM","url":"https:\/\/staging-2025-qcam.mystagingwebsite.com\/","logo":{"@type":"ImageObject","inLanguage":"de-DE","@id":"https:\/\/staging-2025-qcam.mystagingwebsite.com\/#\/schema\/logo\/image\/","url":"https:\/\/149613553.v2.pressablecdn.com\/wp-content\/uploads\/2017\/10\/logo_web_fontweiss.jpg","contentUrl":"https:\/\/149613553.v2.pressablecdn.com\/wp-content\/uploads\/2017\/10\/logo_web_fontweiss.jpg","width":400,"height":400,"caption":"QCAM Currency Asset Management"},"image":{"@id":"https:\/\/staging-2025-qcam.mystagingwebsite.com\/#\/schema\/logo\/image\/"},"sameAs":["https:\/\/www.facebook.com\/QCAMCurrencyAssetManagement","https:\/\/x.com\/QCAM_AG","https:\/\/www.linkedin.com\/company\/10778685?trk=tyah&trkInfo=clickedVerticalcompanyclickedEntityId10778685idx1-2-2tarId1464624843580tasQCAM"]}]}},"jetpack_sharing_enabled":true,"_links":{"self":[{"href":"https:\/\/q-cam.com\/de\/wp-json\/wp\/v2\/pages\/7658","targetHints":{"allow":["GET"]}}],"collection":[{"href":"https:\/\/q-cam.com\/de\/wp-json\/wp\/v2\/pages"}],"about":[{"href":"https:\/\/q-cam.com\/de\/wp-json\/wp\/v2\/types\/page"}],"author":[{"embeddable":true,"href":"https:\/\/q-cam.com\/de\/wp-json\/wp\/v2\/users\/4"}],"replies":[{"embeddable":true,"href":"https:\/\/q-cam.com\/de\/wp-json\/wp\/v2\/comments?post=7658"}],"version-history":[{"count":14,"href":"https:\/\/q-cam.com\/de\/wp-json\/wp\/v2\/pages\/7658\/revisions"}],"predecessor-version":[{"id":8036,"href":"https:\/\/q-cam.com\/de\/wp-json\/wp\/v2\/pages\/7658\/revisions\/8036"}],"wp:attachment":[{"href":"https:\/\/q-cam.com\/de\/wp-json\/wp\/v2\/media?parent=7658"}],"curies":[{"name":"wp","href":"https:\/\/api.w.org\/{rel}","templated":true}]}}